{"id":1442,"date":"2022-10-26T14:13:07","date_gmt":"2022-10-26T12:13:07","guid":{"rendered":"https:\/\/i-scen.net\/?page_id=1442"},"modified":"2023-02-21T14:39:53","modified_gmt":"2023-02-21T13:39:53","slug":"iscen-3-00","status":"publish","type":"page","link":"https:\/\/i-scen.net\/","title":{"rendered":"ISCEN 3.00"},"content":{"rendered":"\t\t<div data-elementor-type=\"wp-page\" data-elementor-id=\"1442\" class=\"elementor elementor-1442\" data-elementor-post-type=\"page\">\n\t\t\t\t\t\t<section class=\"elementor-section elementor-top-section elementor-element elementor-element-a58f031 elementor-section-boxed elementor-section-height-default elementor-section-height-default\" data-id=\"a58f031\" data-element_type=\"section\">\n\t\t\t\t\t\t<div class=\"elementor-container elementor-column-gap-default\">\n\t\t\t\t\t<div class=\"elementor-column elementor-col-100 elementor-top-column elementor-element elementor-element-270e141\" data-id=\"270e141\" data-element_type=\"column\">\n\t\t\t<div class=\"elementor-widget-wrap elementor-element-populated\">\n\t\t\t\t\t\t<div class=\"elementor-element elementor-element-e217158 elementor-widget elementor-widget-image\" data-id=\"e217158\" data-element_type=\"widget\" data-widget_type=\"image.default\">\n\t\t\t\t<div class=\"elementor-widget-container\">\n\t\t\t\t\t\t\t\t\t\t\t\t\t\t\t<img decoding=\"async\" width=\"300\" height=\"150\" src=\"https:\/\/i-scen.net\/wp-content\/uploads\/2022\/10\/ISCload_V3.png\" class=\"attachment-medium size-medium wp-image-1356\" alt=\"\" \/>\t\t\t\t\t\t\t\t\t\t\t\t\t\t\t<\/div>\n\t\t\t\t<\/div>\n\t\t\t\t\t<\/div>\n\t\t<\/div>\n\t\t\t\t\t<\/div>\n\t\t<\/section>\n\t\t\t\t<section class=\"elementor-section elementor-top-section elementor-element elementor-element-58abefe elementor-section-boxed elementor-section-height-default elementor-section-height-default\" data-id=\"58abefe\" data-element_type=\"section\">\n\t\t\t\t\t\t<div class=\"elementor-container elementor-column-gap-default\">\n\t\t\t\t\t<div class=\"elementor-column elementor-col-100 elementor-top-column elementor-element elementor-element-231e71f\" data-id=\"231e71f\" data-element_type=\"column\">\n\t\t\t<div class=\"elementor-widget-wrap elementor-element-populated\">\n\t\t\t\t\t\t<div class=\"elementor-element elementor-element-3603a65 elementor-widget elementor-widget-heading\" data-id=\"3603a65\" data-element_type=\"widget\" data-widget_type=\"heading.default\">\n\t\t\t\t<div class=\"elementor-widget-container\">\n\t\t\t\t\t<h2 class=\"elementor-heading-title elementor-size-default\">Nouvelle version 3.0 d'iScen disponible prochainement...<\/h2>\t\t\t\t<\/div>\n\t\t\t\t<\/div>\n\t\t\t\t\t<\/div>\n\t\t<\/div>\n\t\t\t\t\t<\/div>\n\t\t<\/section>\n\t\t\t\t<section class=\"elementor-section elementor-top-section elementor-element elementor-element-f9f576e elementor-section-boxed elementor-section-height-default elementor-section-height-default\" data-id=\"f9f576e\" data-element_type=\"section\">\n\t\t\t\t\t\t<div class=\"elementor-container elementor-column-gap-default\">\n\t\t\t\t\t<div class=\"elementor-column elementor-col-100 elementor-top-column elementor-element elementor-element-7b15386\" data-id=\"7b15386\" data-element_type=\"column\">\n\t\t\t<div class=\"elementor-widget-wrap elementor-element-populated\">\n\t\t\t\t\t\t<div class=\"elementor-element elementor-element-36bc38b elementor-widget elementor-widget-spacer\" data-id=\"36bc38b\" data-element_type=\"widget\" data-widget_type=\"spacer.default\">\n\t\t\t\t<div class=\"elementor-widget-container\">\n\t\t\t\t\t\t\t<div class=\"elementor-spacer\">\n\t\t\t<div class=\"elementor-spacer-inner\"><\/div>\n\t\t<\/div>\n\t\t\t\t\t\t<\/div>\n\t\t\t\t<\/div>\n\t\t\t\t\t<\/div>\n\t\t<\/div>\n\t\t\t\t\t<\/div>\n\t\t<\/section>\n\t\t\t\t<section class=\"elementor-section elementor-top-section elementor-element elementor-element-5498fe9 elementor-section-boxed elementor-section-height-default elementor-section-height-default\" data-id=\"5498fe9\" data-element_type=\"section\">\n\t\t\t\t\t\t<div class=\"elementor-container elementor-column-gap-default\">\n\t\t\t\t\t<div class=\"elementor-column elementor-col-100 elementor-top-column elementor-element elementor-element-d5fbdb4\" data-id=\"d5fbdb4\" data-element_type=\"column\">\n\t\t\t<div class=\"elementor-widget-wrap elementor-element-populated\">\n\t\t\t\t\t\t<div class=\"elementor-element elementor-element-0bd1193 elementor-widget elementor-widget-text-editor\" data-id=\"0bd1193\" data-element_type=\"widget\" data-widget_type=\"text-editor.default\">\n\t\t\t\t<div class=\"elementor-widget-container\">\n\t\t\t\t\t\t\t\t\t<p>Eversim annonce la sortie prochaine d\u2019iScen V3.0, la nouvelle g\u00e9n\u00e9ration de notre l\u2019outil auteur d\u00e9di\u00e9 \u00e0 la formation et la simulation de crise.<\/p><p>Sur ce site web seront bient\u00f4t d\u00e9voil\u00e9es le d\u00e9tail des nouvelles fonctionnalit\u00e9s et am\u00e9liorations.<\/p>\t\t\t\t\t\t\t\t<\/div>\n\t\t\t\t<\/div>\n\t\t\t\t\t<\/div>\n\t\t<\/div>\n\t\t\t\t\t<\/div>\n\t\t<\/section>\n\t\t\t\t<\/div>\n\t\t","protected":false},"excerpt":{"rendered":"<p>Nouvelle version 3.0 d&#8217;iScen disponible prochainement&#8230; Eversim annonce la sortie prochaine d\u2019iScen V3.0, la nouvelle g\u00e9n\u00e9ration de notre l\u2019outil auteur d\u00e9di\u00e9 \u00e0 la formation et la simulation de crise. Sur ce site web seront bient\u00f4t d\u00e9voil\u00e9es le d\u00e9tail des nouvelles fonctionnalit\u00e9s et am\u00e9liorations.<\/p>\n","protected":false},"author":22,"featured_media":0,"parent":0,"menu_order":0,"comment_status":"closed","ping_status":"closed","template":"","meta":{"footnotes":""},"class_list":["post-1442","page","type-page","status-publish","hentry"],"_links":{"self":[{"href":"https:\/\/i-scen.net\/index.php?rest_route=\/wp\/v2\/pages\/1442","targetHints":{"allow":["GET"]}}],"collection":[{"href":"https:\/\/i-scen.net\/index.php?rest_route=\/wp\/v2\/pages"}],"about":[{"href":"https:\/\/i-scen.net\/index.php?rest_route=\/wp\/v2\/types\/page"}],"author":[{"embeddable":true,"href":"https:\/\/i-scen.net\/index.php?rest_route=\/wp\/v2\/users\/22"}],"replies":[{"embeddable":true,"href":"https:\/\/i-scen.net\/index.php?rest_route=%2Fwp%2Fv2%2Fcomments&post=1442"}],"version-history":[{"count":34,"href":"https:\/\/i-scen.net\/index.php?rest_route=\/wp\/v2\/pages\/1442\/revisions"}],"predecessor-version":[{"id":2099,"href":"https:\/\/i-scen.net\/index.php?rest_route=\/wp\/v2\/pages\/1442\/revisions\/2099"}],"wp:attachment":[{"href":"https:\/\/i-scen.net\/index.php?rest_route=%2Fwp%2Fv2%2Fmedia&parent=1442"}],"curies":[{"name":"wp","href":"https:\/\/api.w.org\/{rel}","templated":true}]}}